{"id":399,"date":"2020-09-08T22:17:12","date_gmt":"2020-09-08T22:17:12","guid":{"rendered":"https:\/\/agrocultiva.cl\/nueva\/?page_id=399"},"modified":"2022-11-15T20:51:05","modified_gmt":"2022-11-15T20:51:05","slug":"botanica-de-una-huerta","status":"publish","type":"page","link":"https:\/\/agrocultiva.cl\/nueva\/botanica-de-una-huerta\/","title":{"rendered":"Bot\u00e1nica de una Huerta"},"content":{"rendered":"<p>[et_pb_section fb_built=\u00bb1&#8243; _builder_version=\u00bb4.6.0&#8243; _module_preset=\u00bbdefault\u00bb use_background_color_gradient=\u00bbon\u00bb background_color_gradient_start=\u00bbrgba(4,53,21,0.63)\u00bb background_color_gradient_end=\u00bbrgba(58,109,0,0.55)\u00bb background_color_gradient_overlays_image=\u00bbon\u00bb background_image=\u00bbhttps:\/\/agrocultiva.cl\/nueva\/wp-content\/uploads\/2020\/09\/fond4431.jpg\u00bb][et_pb_row _builder_version=\u00bb4.6.0&#8243; _module_preset=\u00bbdefault\u00bb][et_pb_column type=\u00bb4_4&#8243; _builder_version=\u00bb4.6.0&#8243; _module_preset=\u00bbdefault\u00bb][et_pb_text _builder_version=\u00bb4.6.0&#8243; text_font=\u00bb||||||||\u00bb text_font_size=\u00bb18px\u00bb text_line_height=\u00bb2em\u00bb header_font=\u00bbCormorant Garamond|700|||||||\u00bb header_text_align=\u00bbcenter\u00bb header_text_color=\u00bb#ffffff\u00bb header_font_size=\u00bb46px\u00bb header_line_height=\u00bb1.2em\u00bb module_alignment=\u00bbcenter\u00bb custom_margin=\u00bb-9px||28px|||\u00bb custom_padding=\u00bb7px|||||\u00bb text_font_size_tablet=\u00bb\u00bb text_font_size_phone=\u00bb16px\u00bb text_font_size_last_edited=\u00bbon|phone\u00bb header_font_size_tablet=\u00bb50px\u00bb header_font_size_phone=\u00bb40px\u00bb header_font_size_last_edited=\u00bbon|phone\u00bb locked=\u00bboff\u00bb]<\/p>\n<h1>CURSO \u201cBOT\u00c1NICA DE UNA HUERTA\u201d<\/h1>\n<p>[\/et_pb_text][\/et_pb_column][\/et_pb_row][\/et_pb_section][et_pb_section fb_built=\u00bb1&#8243; admin_label=\u00bbFeatures\u00bb _builder_version=\u00bb4.6.0&#8243; background_image=\u00bbhttps:\/\/agrocultiva.cl\/nueva\/wp-content\/uploads\/2020\/09\/bio-protan-liquid-humus-2.jpg\u00bb background_size=\u00bbinitial\u00bb background_position=\u00bbtop_left\u00bb custom_padding=\u00bb71px||0px|||\u00bb][et_pb_row column_structure=\u00bb1_2,1_2&#8243; _builder_version=\u00bb4.6.0&#8243; width=\u00bb76%\u00bb custom_padding=\u00bb20px||10px|||\u00bb locked=\u00bboff\u00bb][et_pb_column type=\u00bb1_2&#8243; _builder_version=\u00bb3.25&#8243; custom_padding=\u00bb|||\u00bb custom_padding__hover=\u00bb|||\u00bb][et_pb_image src=\u00bbhttps:\/\/agrocultiva.cl\/nueva\/wp-content\/uploads\/2021\/08\/curso01sdaa.jpg\u00bb title_text=\u00bbcurso01sdaa\u00bb align=\u00bbcenter\u00bb _builder_version=\u00bb4.6.0&#8243; _module_preset=\u00bbdefault\u00bb width=\u00bb100%\u00bb max_width=\u00bb100%\u00bb module_alignment=\u00bbcenter\u00bb custom_margin=\u00bb||14px|||\u00bb][\/et_pb_image][et_pb_blurb _builder_version=\u00bb4.6.0&#8243; header_font=\u00bbCormorant Garamond|700|||||||\u00bb header_text_align=\u00bbleft\u00bb header_font_size=\u00bb25px\u00bb header_line_height=\u00bb1.1em\u00bb body_font=\u00bb||||||||\u00bb body_text_align=\u00bbleft\u00bb body_line_height=\u00bb2em\u00bb custom_margin=\u00bb||11px|||\u00bb custom_padding=\u00bb|45px||38px||\u00bb hover_enabled=\u00bb0&#8243; locked=\u00bboff\u00bb sticky_enabled=\u00bb0&#8243;]<\/p>\n<p>(Pocos cupos disponibles)<br \/> Horario: Por Definir<\/p>\n<p><strong>VALOR: Por Definir<\/strong><\/p>\n<p>Incluye: material te\u00f3rico, material para la pr\u00e1ctica y Certificado de participaci\u00f3n.<\/p>\n<p>[\/et_pb_blurb][\/et_pb_column][et_pb_column type=\u00bb1_2&#8243; _builder_version=\u00bb3.25&#8243; custom_padding=\u00bb|||\u00bb custom_padding__hover=\u00bb|||\u00bb][et_pb_blurb title=\u00bbFECHA POR DEFINIR\u00bb _builder_version=\u00bb4.6.0&#8243; header_font=\u00bbCormorant Garamond|700|||||||\u00bb header_text_align=\u00bbleft\u00bb header_text_color=\u00bb#5d9601&#8243; header_font_size=\u00bb31px\u00bb header_line_height=\u00bb1.1em\u00bb body_font=\u00bb||||||||\u00bb body_text_align=\u00bbleft\u00bb body_line_height=\u00bb2em\u00bb custom_margin=\u00bb-5px||14px|||\u00bb locked=\u00bboff\u00bb]<\/p>\n<p>Lugar:Por Definir.<\/p>\n<p>[\/et_pb_blurb][et_pb_blurb _builder_version=\u00bb4.6.0&#8243; header_font=\u00bbCormorant Garamond|700|||||||\u00bb header_text_align=\u00bbleft\u00bb header_font_size=\u00bb25px\u00bb header_line_height=\u00bb1.1em\u00bb body_font=\u00bb||||||||\u00bb body_line_height=\u00bb2em\u00bb custom_margin=\u00bb||-1px|||\u00bb locked=\u00bboff\u00bb]<\/p>\n<p><span>Dirigido para todo aquel que quiera profundizar en el mundo de las plantas que componen una huerta. El c\u00f3mo se puede potenciar la sinergia entre ellas y la mejor manera de organizarlas para una adecuada asociaci\u00f3n y rotaci\u00f3n de cultivos.<\/span><\/p>\n<p>[\/et_pb_blurb][et_pb_blurb title=\u00bbObjetivos del taller\u00bb _builder_version=\u00bb4.6.0&#8243; header_font=\u00bbCormorant Garamond|700|||||||\u00bb header_text_align=\u00bbleft\u00bb header_font_size=\u00bb25px\u00bb header_line_height=\u00bb1.1em\u00bb body_font=\u00bb||||||||\u00bb body_line_height=\u00bb2em\u00bb custom_margin=\u00bb26px||-1px|||\u00bb locked=\u00bboff\u00bb]<\/p>\n<p><span>Aprender sobre la bot\u00e1nica de un huerto por medio del estudio integral de las plantas que la componen; su descripci\u00f3n, clasificaci\u00f3n, distribuci\u00f3n, requerimientos, manejo, propiedades, cosecha y reproducci\u00f3n.<\/span><\/p>\n<h5><span style=\"color: #467c13;\"><strong>Temario:<\/strong><\/span><\/h5>\n<p><span>Familia de las solan\u00e1ceas: Tomate, aj\u00ed, berenjena, papa, pimiento.<\/span><br \/><span>Familia de las Quenopodi\u00e1ceas: Acelga, betarraga, espinaca.<\/span><br \/><span>Familia de Leguminosas: Arveja, haba, porotos.<\/span><br \/><span>Familia Umbel\u00edferas: Apio, cilantro, perejil, zanahorias, hinojo.<\/span><br \/><span>Familia Cucurbit\u00e1ceas: Mel\u00f3n, pepino, sand\u00eda, zapallito italiano, zapallo camote.<\/span><br \/><span>Familia Cruc\u00edferas: R\u00faculas, mizunas, tatsoi, mostaza de hojas, berro, br\u00f3coli, coliflor, rabanito, repollo.<\/span><br \/><span>Familia Compuestas: Achicoria, alcachofa, lechuga, topinambur.<\/span><br \/><span>Familia Lili\u00e1ceas: Ajo, cebolla, chalota, puerro, ciboullette.<\/span><\/p>\n<p>[\/et_pb_blurb][\/et_pb_column][\/et_pb_row][et_pb_row _builder_version=\u00bb4.6.0&#8243; _module_preset=\u00bbdefault\u00bb background_color=\u00bb#1f6d0c\u00bb width=\u00bb100%\u00bb max_width=\u00bb1425px\u00bb custom_margin=\u00bb26px|auto||auto||\u00bb custom_padding=\u00bb29px||22px|||\u00bb][et_pb_column type=\u00bb4_4&#8243; _builder_version=\u00bb4.6.0&#8243; _module_preset=\u00bbdefault\u00bb][et_pb_blurb image_max_width=\u00bb97%\u00bb content_max_width=\u00bb941px\u00bb _builder_version=\u00bb4.6.0&#8243; header_font=\u00bbCormorant Garamond|700|||||||\u00bb header_text_align=\u00bbleft\u00bb header_font_size=\u00bb25px\u00bb header_line_height=\u00bb1.1em\u00bb body_font=\u00bb||||||||\u00bb body_text_align=\u00bbleft\u00bb body_text_color=\u00bb#ffffff\u00bb body_font_size=\u00bb17px\u00bb body_line_height=\u00bb2em\u00bb custom_margin=\u00bb||11px|||\u00bb custom_padding=\u00bb|45px||38px||\u00bb locked=\u00bboff\u00bb]INSCRIPCIONES: info@agrocultiva.cl. Si lo quieres para regalo, una vez hecha la inscripci\u00f3n recibir\u00e1s el cup\u00f3n que podr\u00e1s entregar a quien est\u00e9s invitando.[\/et_pb_blurb][\/et_pb_column][\/et_pb_row][\/et_pb_section][et_pb_section fb_built=\u00bb1&#8243; _builder_version=\u00bb4.6.0&#8243; _module_preset=\u00bbdefault\u00bb background_image=\u00bbhttps:\/\/agrocultiva.cl\/nueva\/wp-content\/uploads\/2020\/09\/FONDO0448.jpg\u00bb][et_pb_row _builder_version=\u00bb4.6.0&#8243; _module_preset=\u00bbdefault\u00bb][et_pb_column type=\u00bb4_4&#8243; _builder_version=\u00bb4.6.0&#8243; _module_preset=\u00bbdefault\u00bb][et_pb_text _builder_version=\u00bb4.6.0&#8243; text_font=\u00bb||||||||\u00bb text_font_size=\u00bb16px\u00bb text_line_height=\u00bb2em\u00bb header_2_font=\u00bbCormorant Garamond|700|||||||\u00bb header_2_font_size=\u00bb42px\u00bb header_2_line_height=\u00bb1.2em\u00bb text_orientation=\u00bbcenter\u00bb background_layout=\u00bbdark\u00bb min_height=\u00bb108px\u00bb custom_margin=\u00bb-45px||11px|||\u00bb header_2_font_size_tablet=\u00bb42px\u00bb header_2_font_size_phone=\u00bb32px\u00bb header_2_font_size_last_edited=\u00bbon|desktop\u00bb locked=\u00bboff\u00bb]<\/p>\n<h2><span>INSCR\u00cdBETE A UN CURSO AQU\u00cd!<\/span><\/h2>\n<p>[\/et_pb_text][et_pb_contact_form email=\u00bbinfo@agrocultiva.cl\u00bb _builder_version=\u00bb4.6.0&#8243; _module_preset=\u00bbdefault\u00bb form_field_background_color=\u00bbrgba(0,0,0,0.23)\u00bb form_field_text_color=\u00bb#ffffff\u00bb form_field_font_size=\u00bb11px\u00bb form_field_letter_spacing=\u00bb1px\u00bb form_field_line_height=\u00bb1em\u00bb custom_button=\u00bbon\u00bb button_text_size=\u00bb12px\u00bb button_text_color=\u00bb#ffffff\u00bb button_border_width=\u00bb2px\u00bb button_border_radius=\u00bb65px\u00bb button_letter_spacing=\u00bb5px\u00bb][et_pb_contact_field field_id=\u00bbNombre\u00bb field_title=\u00bbNombre\u00bb _builder_version=\u00bb4.6.0&#8243; button_text_size__hover_enabled=\u00bboff\u00bb button_one_text_size__hover_enabled=\u00bboff\u00bb button_two_text_size__hover_enabled=\u00bboff\u00bb button_text_color__hover_enabled=\u00bboff\u00bb button_one_text_color__hover_enabled=\u00bboff\u00bb button_two_text_color__hover_enabled=\u00bboff\u00bb button_border_width__hover_enabled=\u00bboff\u00bb button_one_border_width__hover_enabled=\u00bboff\u00bb button_two_border_width__hover_enabled=\u00bboff\u00bb button_border_color__hover_enabled=\u00bboff\u00bb button_one_border_color__hover_enabled=\u00bboff\u00bb button_two_border_color__hover_enabled=\u00bboff\u00bb button_border_radius__hover_enabled=\u00bboff\u00bb button_one_border_radius__hover_enabled=\u00bboff\u00bb button_two_border_radius__hover_enabled=\u00bboff\u00bb button_letter_spacing__hover_enabled=\u00bboff\u00bb button_one_letter_spacing__hover_enabled=\u00bboff\u00bb button_two_letter_spacing__hover_enabled=\u00bboff\u00bb button_bg_color__hover_enabled=\u00bboff\u00bb button_one_bg_color__hover_enabled=\u00bboff\u00bb button_two_bg_color__hover_enabled=\u00bboff\u00bb][\/et_pb_contact_field][et_pb_contact_field field_id=\u00bbEmail\u00bb field_title=\u00bbDirecci\u00f3n de correo electr\u00f3nico\u00bb field_type=\u00bbemail\u00bb _builder_version=\u00bb3.16&#8243; button_text_size__hover_enabled=\u00bboff\u00bb button_one_text_size__hover_enabled=\u00bboff\u00bb button_two_text_size__hover_enabled=\u00bboff\u00bb button_text_color__hover_enabled=\u00bboff\u00bb button_one_text_color__hover_enabled=\u00bboff\u00bb button_two_text_color__hover_enabled=\u00bboff\u00bb button_border_width__hover_enabled=\u00bboff\u00bb button_one_border_width__hover_enabled=\u00bboff\u00bb button_two_border_width__hover_enabled=\u00bboff\u00bb button_border_color__hover_enabled=\u00bboff\u00bb button_one_border_color__hover_enabled=\u00bboff\u00bb button_two_border_color__hover_enabled=\u00bboff\u00bb button_border_radius__hover_enabled=\u00bboff\u00bb button_one_border_radius__hover_enabled=\u00bboff\u00bb button_two_border_radius__hover_enabled=\u00bboff\u00bb button_letter_spacing__hover_enabled=\u00bboff\u00bb button_one_letter_spacing__hover_enabled=\u00bboff\u00bb button_two_letter_spacing__hover_enabled=\u00bboff\u00bb button_bg_color__hover_enabled=\u00bboff\u00bb button_one_bg_color__hover_enabled=\u00bboff\u00bb button_two_bg_color__hover_enabled=\u00bboff\u00bb][\/et_pb_contact_field][et_pb_contact_field field_id=\u00bbCurso\u00bb field_title=\u00bbCurso de interes\u00bb field_type=\u00bbselect\u00bb select_options=\u00bb%91{%22value%22:%22\u201cIntroducci\u00f3n a las huertas ecol\u00f3gicas\u201d%22,%22checked%22:0,%22dragID%22:-1},{%22value%22:%22\u201cBot\u00e1nica de una Huerta\u201d%22,%22checked%22:0,%22dragID%22:0},{%22value%22:%22%92%22Huertas Ecol\u00f3gicas%92%22%22,%22checked%22:0,%22dragID%22:1},{%22value%22:%22Talleres para empresas \u201cHuertos Urbanos\u201d%22,%22checked%22:0,%22dragID%22:2},{%22value%22:%22Capacitaciones para Profesores%22,%22checked%22:0,%22dragID%22:3}%93&#8243; fullwidth_field=\u00bbon\u00bb _builder_version=\u00bb4.6.0&#8243; button_text_size__hover_enabled=\u00bboff\u00bb button_one_text_size__hover_enabled=\u00bboff\u00bb button_two_text_size__hover_enabled=\u00bboff\u00bb button_text_color__hover_enabled=\u00bboff\u00bb button_one_text_color__hover_enabled=\u00bboff\u00bb button_two_text_color__hover_enabled=\u00bboff\u00bb button_border_width__hover_enabled=\u00bboff\u00bb button_one_border_width__hover_enabled=\u00bboff\u00bb button_two_border_width__hover_enabled=\u00bboff\u00bb button_border_color__hover_enabled=\u00bboff\u00bb button_one_border_color__hover_enabled=\u00bboff\u00bb button_two_border_color__hover_enabled=\u00bboff\u00bb button_border_radius__hover_enabled=\u00bboff\u00bb button_one_border_radius__hover_enabled=\u00bboff\u00bb button_two_border_radius__hover_enabled=\u00bboff\u00bb button_letter_spacing__hover_enabled=\u00bboff\u00bb button_one_letter_spacing__hover_enabled=\u00bboff\u00bb button_two_letter_spacing__hover_enabled=\u00bboff\u00bb button_bg_color__hover_enabled=\u00bboff\u00bb button_one_bg_color__hover_enabled=\u00bboff\u00bb button_two_bg_color__hover_enabled=\u00bboff\u00bb][\/et_pb_contact_field][et_pb_contact_field field_id=\u00bbMensaje\u00bb field_title=\u00bbMensaje\u00bb field_type=\u00bbtext\u00bb fullwidth_field=\u00bbon\u00bb _builder_version=\u00bb4.6.0&#8243; button_text_size__hover_enabled=\u00bboff\u00bb button_one_text_size__hover_enabled=\u00bboff\u00bb button_two_text_size__hover_enabled=\u00bboff\u00bb button_text_color__hover_enabled=\u00bboff\u00bb button_one_text_color__hover_enabled=\u00bboff\u00bb button_two_text_color__hover_enabled=\u00bboff\u00bb button_border_width__hover_enabled=\u00bboff\u00bb button_one_border_width__hover_enabled=\u00bboff\u00bb button_two_border_width__hover_enabled=\u00bboff\u00bb button_border_color__hover_enabled=\u00bboff\u00bb button_one_border_color__hover_enabled=\u00bboff\u00bb button_two_border_color__hover_enabled=\u00bboff\u00bb button_border_radius__hover_enabled=\u00bboff\u00bb button_one_border_radius__hover_enabled=\u00bboff\u00bb button_two_border_radius__hover_enabled=\u00bboff\u00bb button_letter_spacing__hover_enabled=\u00bboff\u00bb button_one_letter_spacing__hover_enabled=\u00bboff\u00bb button_two_letter_spacing__hover_enabled=\u00bboff\u00bb button_bg_color__hover_enabled=\u00bboff\u00bb button_one_bg_color__hover_enabled=\u00bboff\u00bb button_two_bg_color__hover_enabled=\u00bboff\u00bb][\/et_pb_contact_field][\/et_pb_contact_form][\/et_pb_column][\/et_pb_row][\/et_pb_section]<\/p>\n","protected":false},"excerpt":{"rendered":"<p>CURSO \u201cBOT\u00c1NICA DE UNA HUERTA\u201d(Pocos cupos disponibles) Horario: Por Definir VALOR: Por Definir Incluye: material te\u00f3rico, material para la pr\u00e1ctica y Certificado de participaci\u00f3n.Lugar:Por Definir.Dirigido para todo aquel que quiera profundizar en el mundo de las plantas que componen una huerta. El c\u00f3mo se puede potenciar la sinergia entre ellas y la mejor manera de [&hellip;]<\/p>\n","protected":false},"author":1,"featured_media":0,"parent":0,"menu_order":0,"comment_status":"closed","ping_status":"closed","template":"","meta":{"_et_pb_use_builder":"on","_et_pb_old_content":"","_et_gb_content_width":"","footnotes":""},"class_list":["post-399","page","type-page","status-publish","hentry"],"_links":{"self":[{"href":"https:\/\/agrocultiva.cl\/nueva\/wp-json\/wp\/v2\/pages\/399","targetHints":{"allow":["GET"]}}],"collection":[{"href":"https:\/\/agrocultiva.cl\/nueva\/wp-json\/wp\/v2\/pages"}],"about":[{"href":"https:\/\/agrocultiva.cl\/nueva\/wp-json\/wp\/v2\/types\/page"}],"author":[{"embeddable":true,"href":"https:\/\/agrocultiva.cl\/nueva\/wp-json\/wp\/v2\/users\/1"}],"replies":[{"embeddable":true,"href":"https:\/\/agrocultiva.cl\/nueva\/wp-json\/wp\/v2\/comments?post=399"}],"version-history":[{"count":10,"href":"https:\/\/agrocultiva.cl\/nueva\/wp-json\/wp\/v2\/pages\/399\/revisions"}],"predecessor-version":[{"id":1335,"href":"https:\/\/agrocultiva.cl\/nueva\/wp-json\/wp\/v2\/pages\/399\/revisions\/1335"}],"wp:attachment":[{"href":"https:\/\/agrocultiva.cl\/nueva\/wp-json\/wp\/v2\/media?parent=399"}],"curies":[{"name":"wp","href":"https:\/\/api.w.org\/{rel}","templated":true}]}}